{"id":27142,"date":"2025-06-25T16:49:26","date_gmt":"2025-06-25T13:49:26","guid":{"rendered":"https:\/\/tavanexpert.md\/?page_id=27142"},"modified":"2025-06-25T16:49:48","modified_gmt":"2025-06-25T13:49:48","slug":"nashi-raboty","status":"publish","type":"page","link":"https:\/\/tavanexpert.md\/ru\/nashi-raboty\/","title":{"rendered":"\u041d\u0430\u0448\u0438 \u0440\u0430\u0431\u043e\u0442\u044b"},"content":{"rendered":"\t\t<div data-elementor-type=\"wp-page\" data-elementor-id=\"27142\" class=\"elementor elementor-27142\">\n\t\t\t\t\t\t<section class=\"elementor-section elementor-top-section elementor-element elementor-element-44471700 elementor-section-boxed elementor-section-height-default elementor-section-height-default sc_fly_static\" data-id=\"44471700\" data-element_type=\"section\">\n\t\t\t\t\t\t<div class=\"elementor-container elementor-column-gap-extended\">\n\t\t\t\t\t<div class=\"elementor-column elementor-col-100 elementor-top-column elementor-element elementor-element-669fb5b sc_content_align_inherit sc_layouts_column_icons_position_left sc_fly_static\" data-id=\"669fb5b\" data-element_type=\"column\">\n\t\t\t<div class=\"elementor-widget-wrap elementor-element-populated\">\n\t\t\t\t\t\t<div class=\"elementor-element elementor-element-68ac8f1e sc_height_huge sc_fly_static elementor-widget elementor-widget-spacer\" data-id=\"68ac8f1e\" data-element_type=\"widget\" data-widget_type=\"spacer.default\">\n\t\t\t\t<div class=\"elementor-widget-container\">\n\t\t\t\t\t\t\t<div class=\"elementor-spacer\">\n\t\t\t<div class=\"elementor-spacer-inner\"><\/div>\n\t\t<\/div>\n\t\t\t\t\t\t<\/div>\n\t\t\t\t<\/div>\n\t\t\t\t<div class=\"elementor-element elementor-element-6f64577d sc_style_default sc_fly_static elementor-widget elementor-widget-trx_sc_blogger\" data-id=\"6f64577d\" data-element_type=\"widget\" data-widget_type=\"trx_sc_blogger.default\">\n\t\t\t\t<div class=\"elementor-widget-container\">\n\t\t\t\t\t<div \t\tclass=\"sc_blogger sc_blogger_lay_portfolio_grid sc_blogger_lay_portfolio_grid_grid_style_9 sc_item_filters_tabs_none alignnone\" ><div class=\"sc_blogger_content sc_item_content sc_item_posts_container\" ><div class=\"sc_blogger_grid_wrap sc_blogger_grid_7 sc_blogger_grid_columns_3\" ><div data-post-id=\"27193\" data-item-number=\"1\" class=\"sc_blogger_item sc_item_container post_container sc_blogger_item_lay_portfolio sc_blogger_item_lay_portfolio_style_7 sc_blogger_item_odd sc_blogger_item_align_none post_format_standard sc_blogger_item_with_image sc_blogger_item_no_excerpt sc_blogger_item_image_position_top post-27193 cpt_portfolio type-cpt_portfolio status-publish has-post-thumbnail hentry cpt_portfolio_group-potolki-s-tenevym-primykaniem\" ><div class=\"sc_blogger_item_body\"><div class=\"post_featured with_thumb hover_link sc_item_featured sc_blogger_item_featured post_featured_bg\" data-ratio=\"16:9\"><span class=\"post_thumb post_thumb_bg bg_in prorange_inline_915922922\"><\/span>\t\t\t\t\t\t<div class=\"mask\"><\/div>\n\t\t\t\t\t\t<div class=\"post_info_bl\"><h5 class=\"sc_blogger_item_title entry-title\" data-item-number=\"1\"><a href=\"https:\/\/tavanexpert.md\/ru\/portfolio\/natyazhnye-potolki-s-tenevym-primykaniem\/\" rel=\"bookmark\">\u041d\u0430\u0442\u044f\u0436\u043d\u044b\u0435 \u043f\u043e\u0442\u043e\u043b\u043a\u0438 \u0441 \u0442\u0435\u043d\u0435\u0432\u044b\u043c \u043f\u0440\u0438\u043c\u044b\u043a\u0430\u043d\u0438\u0435\u043c<\/a><\/h5><div class=\"post_meta sc_blogger_item_meta post_meta_categories\"><span class=\"post_meta_item post_categories cat_sep\"><a href=\"https:\/\/tavanexpert.md\/ru\/portfolio_group\/tehnologiya\/potolki-s-tenevym-primykaniem\/\" title=\"View all posts in \u041f\u043e\u0442\u043e\u043b\u043a\u0438 \u0441 \u0442\u0435\u043d\u0435\u0432\u044b\u043c \u043f\u0440\u0438\u043c\u044b\u043a\u0430\u043d\u0438\u0435\u043c\">\u041f\u043e\u0442\u043e\u043b\u043a\u0438 \u0441 \u0442\u0435\u043d\u0435\u0432\u044b\u043c \u043f\u0440\u0438\u043c\u044b\u043a\u0430\u043d\u0438\u0435\u043c<\/a><\/span><\/div><\/div><a class=\"post_link sc_blogger_item_link\" href=\"https:\/\/tavanexpert.md\/ru\/portfolio\/natyazhnye-potolki-s-tenevym-primykaniem\/\"><\/a>\t\t\t<a href=\"https:\/\/tavanexpert.md\/ru\/portfolio\/natyazhnye-potolki-s-tenevym-primykaniem\/\"  aria-hidden=\"true\" class=\"link\"><\/a>\r\n\t\t\t<\/div><\/div><!-- .sc_blogger_item_body --><\/div><!-- .sc_blogger_item --><div data-post-id=\"27186\" data-item-number=\"2\" class=\"sc_blogger_item sc_item_container post_container sc_blogger_item_lay_portfolio sc_blogger_item_lay_portfolio_style_7 sc_blogger_item_even sc_blogger_item_align_none post_format_standard sc_blogger_item_with_image sc_blogger_item_no_excerpt sc_blogger_item_image_position_top post-27186 cpt_portfolio type-cpt_portfolio status-publish has-post-thumbnail hentry cpt_portfolio_group-paryashhie-potolki\" ><div class=\"sc_blogger_item_body\"><div class=\"post_featured with_thumb hover_link sc_item_featured sc_blogger_item_featured post_featured_bg\" data-ratio=\"16:9\"><span class=\"post_thumb post_thumb_bg bg_in prorange_inline_214041438\"><\/span>\t\t\t\t\t\t<div class=\"mask\"><\/div>\n\t\t\t\t\t\t<div class=\"post_info_bl\"><h5 class=\"sc_blogger_item_title entry-title\" data-item-number=\"2\"><a href=\"https:\/\/tavanexpert.md\/ru\/portfolio\/paryashhie-natyazhnye-potolki\/\" rel=\"bookmark\">\u041f\u0430\u0440\u044f\u0449\u0438\u0435 \u043d\u0430\u0442\u044f\u0436\u043d\u044b\u0435 \u043f\u043e\u0442\u043e\u043b\u043a\u0438<\/a><\/h5><div class=\"post_meta sc_blogger_item_meta post_meta_categories\"><span class=\"post_meta_item post_categories cat_sep\"><a href=\"https:\/\/tavanexpert.md\/ru\/portfolio_group\/tehnologiya\/paryashhie-potolki\/\" title=\"View all posts in \u041f\u0430\u0440\u044f\u0449\u0438\u0435 \u043f\u043e\u0442\u043e\u043b\u043a\u0438\">\u041f\u0430\u0440\u044f\u0449\u0438\u0435 \u043f\u043e\u0442\u043e\u043b\u043a\u0438<\/a><\/span><\/div><\/div><a class=\"post_link sc_blogger_item_link\" href=\"https:\/\/tavanexpert.md\/ru\/portfolio\/paryashhie-natyazhnye-potolki\/\"><\/a>\t\t\t<a href=\"https:\/\/tavanexpert.md\/ru\/portfolio\/paryashhie-natyazhnye-potolki\/\"  aria-hidden=\"true\" class=\"link\"><\/a>\r\n\t\t\t<\/div><\/div><!-- .sc_blogger_item_body --><\/div><!-- .sc_blogger_item --><div data-post-id=\"27181\" data-item-number=\"3\" class=\"sc_blogger_item sc_item_container post_container sc_blogger_item_lay_portfolio sc_blogger_item_lay_portfolio_style_7 sc_blogger_item_odd sc_blogger_item_align_none post_format_standard sc_blogger_item_with_image sc_blogger_item_no_excerpt sc_blogger_item_image_position_top post-27181 cpt_portfolio type-cpt_portfolio status-publish has-post-thumbnail hentry cpt_portfolio_group-potolki-s-konturnoj-podsvetkoj\" ><div class=\"sc_blogger_item_body\"><div class=\"post_featured with_thumb hover_link sc_item_featured sc_blogger_item_featured post_featured_bg\" data-ratio=\"16:9\"><span class=\"post_thumb post_thumb_bg bg_in prorange_inline_1309410599\"><\/span>\t\t\t\t\t\t<div class=\"mask\"><\/div>\n\t\t\t\t\t\t<div class=\"post_info_bl\"><h5 class=\"sc_blogger_item_title entry-title\" data-item-number=\"3\"><a href=\"https:\/\/tavanexpert.md\/ru\/portfolio\/natyazhnye-potolki-s-konturnoj-podsvetkoj\/\" rel=\"bookmark\">\u041d\u0430\u0442\u044f\u0436\u043d\u044b\u0435 \u043f\u043e\u0442\u043e\u043b\u043a\u0438 \u0441 \u043a\u043e\u043d\u0442\u0443\u0440\u043d\u043e\u0439 \u043f\u043e\u0434\u0441\u0432\u0435\u0442\u043a\u043e\u0439<\/a><\/h5><div class=\"post_meta sc_blogger_item_meta post_meta_categories\"><span class=\"post_meta_item post_categories cat_sep\"><a href=\"https:\/\/tavanexpert.md\/ru\/portfolio_group\/tehnologiya\/potolki-s-konturnoj-podsvetkoj\/\" title=\"View all posts in \u041f\u043e\u0442\u043e\u043b\u043a\u0438 \u0441 \u043a\u043e\u043d\u0442\u0443\u0440\u043d\u043e\u0439 \u043f\u043e\u0434\u0441\u0432\u0435\u0442\u043a\u043e\u0439\">\u041f\u043e\u0442\u043e\u043b\u043a\u0438 \u0441 \u043a\u043e\u043d\u0442\u0443\u0440\u043d\u043e\u0439 \u043f\u043e\u0434\u0441\u0432\u0435\u0442\u043a\u043e\u0439<\/a><\/span><\/div><\/div><a class=\"post_link sc_blogger_item_link\" href=\"https:\/\/tavanexpert.md\/ru\/portfolio\/natyazhnye-potolki-s-konturnoj-podsvetkoj\/\"><\/a>\t\t\t<a href=\"https:\/\/tavanexpert.md\/ru\/portfolio\/natyazhnye-potolki-s-konturnoj-podsvetkoj\/\"  aria-hidden=\"true\" class=\"link\"><\/a>\r\n\t\t\t<\/div><\/div><!-- .sc_blogger_item_body --><\/div><!-- .sc_blogger_item --><div data-post-id=\"27170\" data-item-number=\"4\" class=\"sc_blogger_item sc_item_container post_container sc_blogger_item_lay_portfolio sc_blogger_item_lay_portfolio_style_7 sc_blogger_item_even sc_blogger_item_align_none post_format_standard sc_blogger_item_with_image sc_blogger_item_no_excerpt sc_blogger_item_image_position_top post-27170 cpt_portfolio type-cpt_portfolio status-publish has-post-thumbnail hentry cpt_portfolio_group-potolki-s-svetovym-liniyami\" ><div class=\"sc_blogger_item_body\"><div class=\"post_featured with_thumb hover_link sc_item_featured sc_blogger_item_featured post_featured_bg\" data-ratio=\"16:9\"><span class=\"post_thumb post_thumb_bg bg_in prorange_inline_1364315251\"><\/span>\t\t\t\t\t\t<div class=\"mask\"><\/div>\n\t\t\t\t\t\t<div class=\"post_info_bl\"><h5 class=\"sc_blogger_item_title entry-title\" data-item-number=\"4\"><a href=\"https:\/\/tavanexpert.md\/ru\/portfolio\/natyazhnye-potolki-so-svetovymi-liniyami\/\" rel=\"bookmark\">\u041d\u0430\u0442\u044f\u0436\u043d\u044b\u0435 \u043f\u043e\u0442\u043e\u043b\u043a\u0438 \u0441\u043e \u0441\u0432\u0435\u0442\u043e\u0432\u044b\u043c\u0438 \u043b\u0438\u043d\u0438\u044f\u043c\u0438<\/a><\/h5><div class=\"post_meta sc_blogger_item_meta post_meta_categories\"><span class=\"post_meta_item post_categories cat_sep\"><a href=\"https:\/\/tavanexpert.md\/ru\/portfolio_group\/tehnologiya\/potolki-s-svetovym-liniyami\/\" title=\"View all posts in \u041f\u043e\u0442\u043e\u043b\u043a\u0438 \u0441 \u0441\u0432\u0435\u0442\u043e\u0432\u044b\u043c \u043b\u0438\u043d\u0438\u044f\u043c\u0438\">\u041f\u043e\u0442\u043e\u043b\u043a\u0438 \u0441 \u0441\u0432\u0435\u0442\u043e\u0432\u044b\u043c \u043b\u0438\u043d\u0438\u044f\u043c\u0438<\/a><\/span><\/div><\/div><a class=\"post_link sc_blogger_item_link\" href=\"https:\/\/tavanexpert.md\/ru\/portfolio\/natyazhnye-potolki-so-svetovymi-liniyami\/\"><\/a>\t\t\t<a href=\"https:\/\/tavanexpert.md\/ru\/portfolio\/natyazhnye-potolki-so-svetovymi-liniyami\/\"  aria-hidden=\"true\" class=\"link\"><\/a>\r\n\t\t\t<\/div><\/div><!-- .sc_blogger_item_body --><\/div><!-- .sc_blogger_item --><div data-post-id=\"27161\" data-item-number=\"5\" class=\"sc_blogger_item sc_item_container post_container sc_blogger_item_lay_portfolio sc_blogger_item_lay_portfolio_style_7 sc_blogger_item_odd sc_blogger_item_align_none post_format_standard sc_blogger_item_with_image sc_blogger_item_no_excerpt sc_blogger_item_image_position_top post-27161 cpt_portfolio type-cpt_portfolio status-publish has-post-thumbnail hentry cpt_portfolio_group-potolki-s-skrytoj-gardinoj\" ><div class=\"sc_blogger_item_body\"><div class=\"post_featured with_thumb hover_link sc_item_featured sc_blogger_item_featured post_featured_bg\" data-ratio=\"16:9\"><span class=\"post_thumb post_thumb_bg bg_in prorange_inline_1260453800\"><\/span>\t\t\t\t\t\t<div class=\"mask\"><\/div>\n\t\t\t\t\t\t<div class=\"post_info_bl\"><h5 class=\"sc_blogger_item_title entry-title\" data-item-number=\"5\"><a href=\"https:\/\/tavanexpert.md\/ru\/portfolio\/natyazhnye-potolki-so-skrytym-karnizom-dlya-shtor\/\" rel=\"bookmark\">\u041d\u0430\u0442\u044f\u0436\u043d\u044b\u0435 \u043f\u043e\u0442\u043e\u043b\u043a\u0438 \u0441\u043e \u0441\u043a\u0440\u044b\u0442\u044b\u043c \u043a\u0430\u0440\u043d\u0438\u0437\u043e\u043c \u0434\u043b\u044f \u0448\u0442\u043e\u0440<\/a><\/h5><div class=\"post_meta sc_blogger_item_meta post_meta_categories\"><span class=\"post_meta_item post_categories cat_sep\"><a href=\"https:\/\/tavanexpert.md\/ru\/portfolio_group\/tehnologiya\/potolki-s-skrytoj-gardinoj\/\" title=\"View all posts in \u041f\u043e\u0442\u043e\u043b\u043a\u0438 \u0441 \u0441\u043a\u0440\u044b\u0442\u043e\u0439 \u0433\u0430\u0440\u0434\u0438\u043d\u043e\u0439\">\u041f\u043e\u0442\u043e\u043b\u043a\u0438 \u0441 \u0441\u043a\u0440\u044b\u0442\u043e\u0439 \u0433\u0430\u0440\u0434\u0438\u043d\u043e\u0439<\/a><\/span><\/div><\/div><a class=\"post_link sc_blogger_item_link\" href=\"https:\/\/tavanexpert.md\/ru\/portfolio\/natyazhnye-potolki-so-skrytym-karnizom-dlya-shtor\/\"><\/a>\t\t\t<a href=\"https:\/\/tavanexpert.md\/ru\/portfolio\/natyazhnye-potolki-so-skrytym-karnizom-dlya-shtor\/\"  aria-hidden=\"true\" class=\"link\"><\/a>\r\n\t\t\t<\/div><\/div><!-- .sc_blogger_item_body --><\/div><!-- .sc_blogger_item --><div data-post-id=\"27146\" data-item-number=\"6\" class=\"sc_blogger_item sc_item_container post_container sc_blogger_item_lay_portfolio sc_blogger_item_lay_portfolio_style_7 sc_blogger_item_even sc_blogger_item_align_none post_format_standard sc_blogger_item_with_image sc_blogger_item_no_excerpt sc_blogger_item_image_position_top post-27146 cpt_portfolio type-cpt_portfolio status-publish has-post-thumbnail hentry cpt_portfolio_group-potolki-s-razdelitelem\" ><div class=\"sc_blogger_item_body\"><div class=\"post_featured with_thumb hover_link sc_item_featured sc_blogger_item_featured post_featured_bg\" data-ratio=\"16:9\"><span class=\"post_thumb post_thumb_bg bg_in prorange_inline_1879681679\"><\/span>\t\t\t\t\t\t<div class=\"mask\"><\/div>\n\t\t\t\t\t\t<div class=\"post_info_bl\"><h5 class=\"sc_blogger_item_title entry-title\" data-item-number=\"6\"><a href=\"https:\/\/tavanexpert.md\/ru\/portfolio\/natyazhnye-potolki-s-razdelitelnym-profilem\/\" rel=\"bookmark\">\u041d\u0430\u0442\u044f\u0436\u043d\u044b\u0435 \u043f\u043e\u0442\u043e\u043b\u043a\u0438 \u0441 \u0440\u0430\u0437\u0434\u0435\u043b\u0438\u0442\u0435\u043b\u044c\u043d\u044b\u043c \u043f\u0440\u043e\u0444\u0438\u043b\u0435\u043c<\/a><\/h5><div class=\"post_meta sc_blogger_item_meta post_meta_categories\"><span class=\"post_meta_item post_categories cat_sep\"><a href=\"https:\/\/tavanexpert.md\/ru\/portfolio_group\/tehnologiya\/potolki-s-razdelitelem\/\" title=\"View all posts in \u041f\u043e\u0442\u043e\u043b\u043a\u0438 \u0441 \u0440\u0430\u0437\u0434\u0435\u043b\u0438\u0442\u0435\u043b\u0435\u043c\">\u041f\u043e\u0442\u043e\u043b\u043a\u0438 \u0441 \u0440\u0430\u0437\u0434\u0435\u043b\u0438\u0442\u0435\u043b\u0435\u043c<\/a><\/span><\/div><\/div><a class=\"post_link sc_blogger_item_link\" href=\"https:\/\/tavanexpert.md\/ru\/portfolio\/natyazhnye-potolki-s-razdelitelnym-profilem\/\"><\/a>\t\t\t<a href=\"https:\/\/tavanexpert.md\/ru\/portfolio\/natyazhnye-potolki-s-razdelitelnym-profilem\/\"  aria-hidden=\"true\" class=\"link\"><\/a>\r\n\t\t\t<\/div><\/div><!-- .sc_blogger_item_body --><\/div><!-- .sc_blogger_item --><div data-post-id=\"27145\" data-item-number=\"7\" class=\"sc_blogger_item sc_item_container post_container sc_blogger_item_lay_portfolio sc_blogger_item_lay_portfolio_style_7 sc_blogger_item_odd sc_blogger_item_align_none post_format_standard sc_blogger_item_with_image sc_blogger_item_no_excerpt sc_blogger_item_image_position_top post-27145 cpt_portfolio type-cpt_portfolio status-publish has-post-thumbnail hentry cpt_portfolio_group-potolki-mnogo-urovnevye\" ><div class=\"sc_blogger_item_body\"><div class=\"post_featured with_thumb hover_link sc_item_featured sc_blogger_item_featured post_featured_bg\" data-ratio=\"16:9\"><span class=\"post_thumb post_thumb_bg bg_in prorange_inline_1963483961\"><\/span>\t\t\t\t\t\t<div class=\"mask\"><\/div>\n\t\t\t\t\t\t<div class=\"post_info_bl\"><h5 class=\"sc_blogger_item_title entry-title\" data-item-number=\"7\"><a href=\"https:\/\/tavanexpert.md\/ru\/portfolio\/potolki-mnogo-urovnevye-multilevel\/\" rel=\"bookmark\">\u041f\u043e\u0442\u043e\u043b\u043a\u0438 \u043c\u043d\u043e\u0433\u043e \u0443\u0440\u043e\u0432\u043d\u0435\u0432\u044b\u0435 Multilevel<\/a><\/h5><div class=\"post_meta sc_blogger_item_meta post_meta_categories\"><span class=\"post_meta_item post_categories cat_sep\"><a href=\"https:\/\/tavanexpert.md\/ru\/portfolio_group\/tehnologiya\/potolki-mnogo-urovnevye\/\" title=\"View all posts in \u041f\u043e\u0442\u043e\u043b\u043a\u0438 \u043c\u043d\u043e\u0433\u043e \u0443\u0440\u043e\u0432\u043d\u0435\u0432\u044b\u0435\">\u041f\u043e\u0442\u043e\u043b\u043a\u0438 \u043c\u043d\u043e\u0433\u043e \u0443\u0440\u043e\u0432\u043d\u0435\u0432\u044b\u0435<\/a><\/span><\/div><\/div><a class=\"post_link sc_blogger_item_link\" href=\"https:\/\/tavanexpert.md\/ru\/portfolio\/potolki-mnogo-urovnevye-multilevel\/\"><\/a>\t\t\t<a href=\"https:\/\/tavanexpert.md\/ru\/portfolio\/potolki-mnogo-urovnevye-multilevel\/\"  aria-hidden=\"true\" class=\"link\"><\/a>\r\n\t\t\t<\/div><\/div><!-- .sc_blogger_item_body --><\/div><!-- .sc_blogger_item --><\/div><\/div><\/div>\t\t\t\t<\/div>\n\t\t\t\t<\/div>\n\t\t\t\t<div class=\"elementor-element elementor-element-63d661fd sc_height_huge sc_fly_static elementor-widget elementor-widget-spacer\" data-id=\"63d661fd\" data-element_type=\"widget\" data-widget_type=\"spacer.default\">\n\t\t\t\t<div class=\"elementor-widget-container\">\n\t\t\t\t\t\t\t<div class=\"elementor-spacer\">\n\t\t\t<div class=\"elementor-spacer-inner\"><\/div>\n\t\t<\/div>\n\t\t\t\t\t\t<\/div>\n\t\t\t\t<\/div>\n\t\t\t\t\t<\/div>\n\t\t<\/div>\n\t\t\t\t\t<\/div>\n\t\t<\/section>\n\t\t\t\t<\/div>\n\t\t","protected":false},"excerpt":{"rendered":"<p>Tavane extensibile plutitoare Tavane extensibile plutitoare Tavane extensibile cu \u00eembinare \u00eentr-o zon\u0103 de umbr\u0103 Tavane extensibile cu \u00eembinare \u00eentr-o zon\u0103 de umbr\u0103 Fototapet personalizat \u00abMuscle car\u00bb Fototapet personalizat Tavan lucioase&hellip;<\/p>\n","protected":false},"author":1,"featured_media":0,"parent":0,"menu_order":0,"comment_status":"closed","ping_status":"closed","template":"","meta":{"footnotes":""},"class_list":["post-27142","page","type-page","status-publish","hentry"],"aioseo_notices":[],"_links":{"self":[{"href":"https:\/\/tavanexpert.md\/ru\/wp-json\/wp\/v2\/pages\/27142","targetHints":{"allow":["GET"]}}],"collection":[{"href":"https:\/\/tavanexpert.md\/ru\/wp-json\/wp\/v2\/pages"}],"about":[{"href":"https:\/\/tavanexpert.md\/ru\/wp-json\/wp\/v2\/types\/page"}],"author":[{"embeddable":true,"href":"https:\/\/tavanexpert.md\/ru\/wp-json\/wp\/v2\/users\/1"}],"replies":[{"embeddable":true,"href":"https:\/\/tavanexpert.md\/ru\/wp-json\/wp\/v2\/comments?post=27142"}],"version-history":[{"count":2,"href":"https:\/\/tavanexpert.md\/ru\/wp-json\/wp\/v2\/pages\/27142\/revisions"}],"predecessor-version":[{"id":27144,"href":"https:\/\/tavanexpert.md\/ru\/wp-json\/wp\/v2\/pages\/27142\/revisions\/27144"}],"wp:attachment":[{"href":"https:\/\/tavanexpert.md\/ru\/wp-json\/wp\/v2\/media?parent=27142"}],"curies":[{"name":"wp","href":"https:\/\/api.w.org\/{rel}","templated":true}]}}